{"id":1004,"date":"2025-05-29T14:48:52","date_gmt":"2025-05-29T12:48:52","guid":{"rendered":"https:\/\/orbisterrarum.es\/?page_id=1004"},"modified":"2025-09-30T14:29:18","modified_gmt":"2025-09-30T12:29:18","slug":"publicaciones","status":"publish","type":"page","link":"https:\/\/orbisterrarum.es\/en\/publicaciones\/","title":{"rendered":"Publications"},"content":{"rendered":"<div data-elementor-type=\"wp-page\" data-elementor-id=\"1004\" class=\"elementor elementor-1004\" data-elementor-settings=\"{&quot;element_pack_global_tooltip_width&quot;:{&quot;unit&quot;:&quot;px&quot;,&quot;size&quot;:&quot;&quot;,&quot;sizes&quot;:[]},&quot;element_pack_global_tooltip_width_tablet&quot;:{&quot;unit&quot;:&quot;px&quot;,&quot;size&quot;:&quot;&quot;,&quot;sizes&quot;:[]},&quot;element_pack_global_tooltip_width_mobile&quot;:{&quot;unit&quot;:&quot;px&quot;,&quot;size&quot;:&quot;&quot;,&quot;sizes&quot;:[]},&quot;element_pack_global_tooltip_padding&quot;:{&quot;unit&quot;:&quot;px&quot;,&quot;top&quot;:&quot;&quot;,&quot;right&quot;:&quot;&quot;,&quot;bottom&quot;:&quot;&quot;,&quot;left&quot;:&quot;&quot;,&quot;isLinked&quot;:true},&quot;element_pack_global_tooltip_padding_tablet&quot;:{&quot;unit&quot;:&quot;px&quot;,&quot;top&quot;:&quot;&quot;,&quot;right&quot;:&quot;&quot;,&quot;bottom&quot;:&quot;&quot;,&quot;left&quot;:&quot;&quot;,&quot;isLinked&quot;:true},&quot;element_pack_global_tooltip_padding_mobile&quot;:{&quot;unit&quot;:&quot;px&quot;,&quot;top&quot;:&quot;&quot;,&quot;right&quot;:&quot;&quot;,&quot;bottom&quot;:&quot;&quot;,&quot;left&quot;:&quot;&quot;,&quot;isLinked&quot;:true},&quot;element_pack_global_tooltip_border_radius&quot;:{&quot;unit&quot;:&quot;px&quot;,&quot;top&quot;:&quot;&quot;,&quot;right&quot;:&quot;&quot;,&quot;bottom&quot;:&quot;&quot;,&quot;left&quot;:&quot;&quot;,&quot;isLinked&quot;:true},&quot;element_pack_global_tooltip_border_radius_tablet&quot;:{&quot;unit&quot;:&quot;px&quot;,&quot;top&quot;:&quot;&quot;,&quot;right&quot;:&quot;&quot;,&quot;bottom&quot;:&quot;&quot;,&quot;left&quot;:&quot;&quot;,&quot;isLinked&quot;:true},&quot;element_pack_global_tooltip_border_radius_mobile&quot;:{&quot;unit&quot;:&quot;px&quot;,&quot;top&quot;:&quot;&quot;,&quot;right&quot;:&quot;&quot;,&quot;bottom&quot;:&quot;&quot;,&quot;left&quot;:&quot;&quot;,&quot;isLinked&quot;:true}}\">\n\t\t\t\t<div class=\"elementor-element elementor-element-4d1912c e-flex e-con-boxed e-con e-parent\" data-id=\"4d1912c\" data-element_type=\"container\" data-settings=\"{&quot;background_background&quot;:&quot;classic&quot;}\">\n\t\t\t\t\t<div class=\"e-con-inner\">\n\t\t\t\t<div class=\"elementor-element elementor-element-77b0df0 elementor-invisible elementor-widget elementor-widget-heading\" data-id=\"77b0df0\" data-element_type=\"widget\" data-settings=\"{&quot;_animation&quot;:&quot;fadeInUp&quot;,&quot;_animation_delay&quot;:300}\" data-widget_type=\"heading.default\">\n\t\t\t\t<div class=\"elementor-widget-container\">\n\t\t\t\t\t<h1 class=\"elementor-heading-title elementor-size-default\">Publications<\/h1>\t\t\t\t<\/div>\n\t\t\t\t<\/div>\n\t\t\t\t<div class=\"elementor-element elementor-element-9f28634 elementor-invisible elementor-widget elementor-widget-text-editor\" data-id=\"9f28634\" data-element_type=\"widget\" data-settings=\"{&quot;_animation&quot;:&quot;fadeInUp&quot;,&quot;_animation_delay&quot;:500}\" data-widget_type=\"text-editor.default\">\n\t\t\t\t<div class=\"elementor-widget-container\">\n\t\t\t\t\t\t\t\t\t<p>At Orbis Terrarum, we believe in sharing knowledge based on technical expertise and real-world experience. In this section, you will find articles, case studies, and content created by our team on projects, applied solutions, and our own developments.<\/p>\t\t\t\t\t\t\t\t<\/div>\n\t\t\t\t<\/div>\n\t\t\t\t\t<\/div>\n\t\t\t\t<\/div>\n\t\t<div class=\"elementor-element elementor-element-b742834 e-flex e-con-boxed e-con e-parent\" data-id=\"b742834\" data-element_type=\"container\">\n\t\t\t\t\t<div class=\"e-con-inner\">\n\t\t\t\t<div class=\"elementor-element elementor-element-53ee796 no ui-e-apg-classic ui-e-img-anim-zoom elementor-widget elementor-widget-uicore-advanced-post-grid woocommerce elementor-widget-uicore-advanced-post-grid\" data-id=\"53ee796\" data-element_type=\"widget\" data-settings=\"{&quot;masonry&quot;:&quot;no&quot;}\" data-widget_type=\"uicore-advanced-post-grid.default\">\n\t\t\t\t<div class=\"elementor-widget-container\">\n\t\t\t\t\t            <div class=\"ui-e-adv-grid\">\n                \n                <div class=\"ui-e-post-item ui-e-item ui-e-animations-wrp\">\n                    <article class=\"post-2790 post type-post status-publish format-standard has-post-thumbnail hentry category-publicaciones\">\n                        <div class=\"ui-e-post-top\">\n                                    <a class=\"ui-e-post-img-wrapp\"\n            href=\"https:\/\/orbisterrarum.es\/en\/application-of-the-electrical-tomography-technique-in-the-design-of-a-soil-nailing-reinforcement-for-a-slope-in-karstic-limestone-and-sandy-colluvial\/\"\n            title=\"View Post:Aplicaci\u00f3n de la t\u00e9cnica de tomograf\u00eda el\u00e9ctrica en el dise\u00f1o de un refuerzo mediante soil-nailing para un talud en calizas k\u00e1rsticas y coluviales arenosos.\">\n\n                            <div class=\"ui-e-post-img\" style=\"background-image:url(https:\/\/orbisterrarum.es\/wp-content\/uploads\/2026\/04\/image-48.png)\"><\/div>\n                    <\/a>\n                                                        <\/div>\n\n                        \n                        <div class=\"ui-e-post-content\">\n\n                                                                <a href=\"https:\/\/orbisterrarum.es\/en\/application-of-the-electrical-tomography-technique-in-the-design-of-a-soil-nailing-reinforcement-for-a-slope-in-karstic-limestone-and-sandy-colluvial\/\" title=\"View Post:Aplicaci\u00f3n de la t\u00e9cnica de tomograf\u00eda el\u00e9ctrica en el dise\u00f1o de un refuerzo mediante soil-nailing para un talud en calizas k\u00e1rsticas y coluviales arenosos.\">\n            <h4 class=\"ui-e-post-title\">\n                <span> Application of the electrical tomography technique in the design of a soil-nailing reinforcement for a slope in karstic limestone and sandy colluvial <\/span>\n            <\/h4>\n        <\/a>\n                                <div class=\"ui-e-meta-wrapp\"><div class=\"ui-e-post-meta ui-e-after_title\"><div class=\"ui-e-meta-item\">30 de April de 2026<\/div><\/div><\/div>                            <div class=\"ui-e-post-text\">Este caso estudia la implementaci\u00f3n de un gran talud en la reci\u00e9n construida autopista A-8, situada cerca de Buelna (Asturias),&hellip;<\/div>                            <div class=\"ui-e-post-meta ui-e-bottom\"><\/div>                                    <a href=\"https:\/\/orbisterrarum.es\/en\/application-of-the-electrical-tomography-technique-in-the-design-of-a-soil-nailing-reinforcement-for-a-slope-in-karstic-limestone-and-sandy-colluvial\/\" class=\"elementor-button-link elementor-button ui-e-readmore\" role=\"button\">\n            <span class=\"elementor-button-content-wrapper\"><span class=\"elementor-button-text\">Read more<\/span> <\/span>        <\/a>\n                                <\/div>\n                    <\/article>\n                <\/div>\n\n                \n                <div class=\"ui-e-post-item ui-e-item ui-e-animations-wrp\">\n                    <article class=\"post-2761 post type-post status-publish format-standard has-post-thumbnail hentry category-publicaciones\">\n                        <div class=\"ui-e-post-top\">\n                                    <a class=\"ui-e-post-img-wrapp\"\n            href=\"https:\/\/orbisterrarum.es\/en\/soluciones-constructivas-para-la-estabilizacion-de-un-gran-deslizamiento-2\/\"\n            title=\"View Post:Soluciones constructivas para la estabilizaci\u00f3n de un gran deslizamiento\">\n\n                            <div class=\"ui-e-post-img\" style=\"background-image:url(https:\/\/orbisterrarum.es\/wp-content\/uploads\/2025\/08\/publicacion_2-1.jpg)\"><\/div>\n                    <\/a>\n                                                        <\/div>\n\n                        \n                        <div class=\"ui-e-post-content\">\n\n                                                                <a href=\"https:\/\/orbisterrarum.es\/en\/soluciones-constructivas-para-la-estabilizacion-de-un-gran-deslizamiento-2\/\" title=\"View Post:Soluciones constructivas para la estabilizaci\u00f3n de un gran deslizamiento\">\n            <h4 class=\"ui-e-post-title\">\n                <span> Constructive Solutions for the Stabilization of a Major Landslide <\/span>\n            <\/h4>\n        <\/a>\n                                <div class=\"ui-e-meta-wrapp\"><div class=\"ui-e-post-meta ui-e-after_title\"><div class=\"ui-e-meta-item\">14 de April de 2026<\/div><\/div><\/div>                            <div class=\"ui-e-post-text\">Following the presentation delivered at the IX National Symposium on Slopes and Unstable Hillsides, held in Santander in 2017, we publish\u2026<\/div>                            <div class=\"ui-e-post-meta ui-e-bottom\"><\/div>                                    <a href=\"https:\/\/orbisterrarum.es\/en\/soluciones-constructivas-para-la-estabilizacion-de-un-gran-deslizamiento-2\/\" class=\"elementor-button-link elementor-button ui-e-readmore\" role=\"button\">\n            <span class=\"elementor-button-content-wrapper\"><span class=\"elementor-button-text\">Read more<\/span> <\/span>        <\/a>\n                                <\/div>\n                    <\/article>\n                <\/div>\n\n                \n                <div class=\"ui-e-post-item ui-e-item ui-e-animations-wrp\">\n                    <article class=\"post-2758 post type-post status-publish format-standard has-post-thumbnail hentry category-publicaciones\">\n                        <div class=\"ui-e-post-top\">\n                                    <a class=\"ui-e-post-img-wrapp\"\n            href=\"https:\/\/orbisterrarum.es\/en\/actualizacion-especificaciones-tecnicas-para-ensayos-de-hinca-y-pull-out-en-la-cimentacion-de-plantas-fotovoltaicas-2\/\"\n            title=\"View Post:Actualizaci\u00f3n Especificaciones T\u00e9cnicas para Ensayos de Hinca y Pull Out en la Cimentaci\u00f3n de Plantas Fotovoltaicas\">\n\n                            <div class=\"ui-e-post-img\" style=\"background-image:url(https:\/\/orbisterrarum.es\/wp-content\/uploads\/2025\/08\/2023-EspeTEC-POT-650x436.png)\"><\/div>\n                    <\/a>\n                                                        <\/div>\n\n                        \n                        <div class=\"ui-e-post-content\">\n\n                                                                <a href=\"https:\/\/orbisterrarum.es\/en\/actualizacion-especificaciones-tecnicas-para-ensayos-de-hinca-y-pull-out-en-la-cimentacion-de-plantas-fotovoltaicas-2\/\" title=\"View Post:Actualizaci\u00f3n Especificaciones T\u00e9cnicas para Ensayos de Hinca y Pull Out en la Cimentaci\u00f3n de Plantas Fotovoltaicas\">\n            <h4 class=\"ui-e-post-title\">\n                <span> Update of the Technical Specifications for Pile Driving and Pull-Out Tests in Photovoltaic Plant Foundations <\/span>\n            <\/h4>\n        <\/a>\n                                <div class=\"ui-e-meta-wrapp\"><div class=\"ui-e-post-meta ui-e-after_title\"><div class=\"ui-e-meta-item\">14 de April de 2026<\/div><\/div><\/div>                            <div class=\"ui-e-post-text\">After gaining experience in more than 35 GW of photovoltaic plants studied across five continents, the Department of\u2026<\/div>                            <div class=\"ui-e-post-meta ui-e-bottom\"><\/div>                                    <a href=\"https:\/\/orbisterrarum.es\/en\/actualizacion-especificaciones-tecnicas-para-ensayos-de-hinca-y-pull-out-en-la-cimentacion-de-plantas-fotovoltaicas-2\/\" class=\"elementor-button-link elementor-button ui-e-readmore\" role=\"button\">\n            <span class=\"elementor-button-content-wrapper\"><span class=\"elementor-button-text\">Read more<\/span> <\/span>        <\/a>\n                                <\/div>\n                    <\/article>\n                <\/div>\n\n                \n                <div class=\"ui-e-post-item ui-e-item ui-e-animations-wrp\">\n                    <article class=\"post-2738 post type-post status-publish format-standard has-post-thumbnail hentry category-publicaciones\">\n                        <div class=\"ui-e-post-top\">\n                                    <a class=\"ui-e-post-img-wrapp\"\n            href=\"https:\/\/orbisterrarum.es\/en\/comprobacion-mediante-cross-hole-del-efecto-de-inyecciones-para-mejora-del-terreno-2\/\"\n            title=\"View Post:Comprobaci\u00f3n mediante Cross Hole del efecto de Inyecciones para mejora del Terreno\">\n\n                            <div class=\"ui-e-post-img\" style=\"background-image:url(https:\/\/orbisterrarum.es\/wp-content\/uploads\/2025\/08\/ch-650x280.jpg)\"><\/div>\n                    <\/a>\n                                                        <\/div>\n\n                        \n                        <div class=\"ui-e-post-content\">\n\n                                                                <a href=\"https:\/\/orbisterrarum.es\/en\/comprobacion-mediante-cross-hole-del-efecto-de-inyecciones-para-mejora-del-terreno-2\/\" title=\"View Post:Comprobaci\u00f3n mediante Cross Hole del efecto de Inyecciones para mejora del Terreno\">\n            <h4 class=\"ui-e-post-title\">\n                <span> Cross-Hole Verification of the Effect of Grouting for Ground Improvement <\/span>\n            <\/h4>\n        <\/a>\n                                <div class=\"ui-e-meta-wrapp\"><div class=\"ui-e-post-meta ui-e-after_title\"><div class=\"ui-e-meta-item\">14 de April de 2026<\/div><\/div><\/div>                            <div class=\"ui-e-post-text\">The Applied Geophysics Department at Orbis Terrarum has developed a technical article analyzing the results of a study performed through Cross-Hole tests\u2026<\/div>                            <div class=\"ui-e-post-meta ui-e-bottom\"><\/div>                                    <a href=\"https:\/\/orbisterrarum.es\/en\/comprobacion-mediante-cross-hole-del-efecto-de-inyecciones-para-mejora-del-terreno-2\/\" class=\"elementor-button-link elementor-button ui-e-readmore\" role=\"button\">\n            <span class=\"elementor-button-content-wrapper\"><span class=\"elementor-button-text\">Read more<\/span> <\/span>        <\/a>\n                                <\/div>\n                    <\/article>\n                <\/div>\n\n                \n                <div class=\"ui-e-post-item ui-e-item ui-e-animations-wrp\">\n                    <article class=\"post-2730 post type-post status-publish format-standard has-post-thumbnail hentry category-publicaciones\">\n                        <div class=\"ui-e-post-top\">\n                                    <a class=\"ui-e-post-img-wrapp\"\n            href=\"https:\/\/orbisterrarum.es\/en\/identificacion-de-riesgos-hidrologicos-aplicacion-a-plantas-fotovoltaicas-2\/\"\n            title=\"View Post:Identificaci\u00f3n de riesgos hidrol\u00f3gicos. Aplicaci\u00f3n a plantas fotovoltaicas.\">\n\n                            <div class=\"ui-e-post-img\" style=\"background-image:url(https:\/\/orbisterrarum.es\/wp-content\/uploads\/2025\/08\/Portada_ESP-650x415.jpg)\"><\/div>\n                    <\/a>\n                                                        <\/div>\n\n                        \n                        <div class=\"ui-e-post-content\">\n\n                                                                <a href=\"https:\/\/orbisterrarum.es\/en\/identificacion-de-riesgos-hidrologicos-aplicacion-a-plantas-fotovoltaicas-2\/\" title=\"View Post:Identificaci\u00f3n de riesgos hidrol\u00f3gicos. Aplicaci\u00f3n a plantas fotovoltaicas.\">\n            <h4 class=\"ui-e-post-title\">\n                <span> Identification of Hydrological Risks. Application to Photovoltaic Plants <\/span>\n            <\/h4>\n        <\/a>\n                                <div class=\"ui-e-meta-wrapp\"><div class=\"ui-e-post-meta ui-e-after_title\"><div class=\"ui-e-meta-item\">14 de April de 2026<\/div><\/div><\/div>                            <div class=\"ui-e-post-text\">In Spain, flood events generate more than 800 million euros in losses per year. This highlights\u2026<\/div>                            <div class=\"ui-e-post-meta ui-e-bottom\"><\/div>                                    <a href=\"https:\/\/orbisterrarum.es\/en\/identificacion-de-riesgos-hidrologicos-aplicacion-a-plantas-fotovoltaicas-2\/\" class=\"elementor-button-link elementor-button ui-e-readmore\" role=\"button\">\n            <span class=\"elementor-button-content-wrapper\"><span class=\"elementor-button-text\">Read more<\/span> <\/span>        <\/a>\n                                <\/div>\n                    <\/article>\n                <\/div>\n\n                \n                <div class=\"ui-e-post-item ui-e-item ui-e-animations-wrp\">\n                    <article class=\"post-2718 post type-post status-publish format-standard has-post-thumbnail hentry category-publicaciones\">\n                        <div class=\"ui-e-post-top\">\n                                    <a class=\"ui-e-post-img-wrapp\"\n            href=\"https:\/\/orbisterrarum.es\/en\/especificaciones-tecnicas-para-estudios-geofisicos-en-plantas-fotovoltaicas-2\/\"\n            title=\"View Post:Especificaciones T\u00e9cnicas para Estudios Geof\u00edsicos en Plantas Fotovoltaicas\">\n\n                            <div class=\"ui-e-post-img\" style=\"background-image:url(https:\/\/orbisterrarum.es\/wp-content\/uploads\/2025\/08\/image00092-650x488.jpeg)\"><\/div>\n                    <\/a>\n                                                        <\/div>\n\n                        \n                        <div class=\"ui-e-post-content\">\n\n                                                                <a href=\"https:\/\/orbisterrarum.es\/en\/especificaciones-tecnicas-para-estudios-geofisicos-en-plantas-fotovoltaicas-2\/\" title=\"View Post:Especificaciones T\u00e9cnicas para Estudios Geof\u00edsicos en Plantas Fotovoltaicas\">\n            <h4 class=\"ui-e-post-title\">\n                <span> Technical Specifications for Geophysical Studies in Photovoltaic Plants <\/span>\n            <\/h4>\n        <\/a>\n                                <div class=\"ui-e-meta-wrapp\"><div class=\"ui-e-post-meta ui-e-after_title\"><div class=\"ui-e-meta-item\">13 de April de 2026<\/div><\/div><\/div>                            <div class=\"ui-e-post-text\">Geophysics in Solar Plants. Photovoltaic plants are facilities that typically occupy a large land surface. This may require\u2026<\/div>                            <div class=\"ui-e-post-meta ui-e-bottom\"><\/div>                                    <a href=\"https:\/\/orbisterrarum.es\/en\/especificaciones-tecnicas-para-estudios-geofisicos-en-plantas-fotovoltaicas-2\/\" class=\"elementor-button-link elementor-button ui-e-readmore\" role=\"button\">\n            <span class=\"elementor-button-content-wrapper\"><span class=\"elementor-button-text\">Read more<\/span> <\/span>        <\/a>\n                                <\/div>\n                    <\/article>\n                <\/div>\n\n                \n                <div class=\"ui-e-post-item ui-e-item ui-e-animations-wrp\">\n                    <article class=\"post-2683 post type-post status-publish format-standard has-post-thumbnail hentry category-publicaciones\">\n                        <div class=\"ui-e-post-top\">\n                                    <a class=\"ui-e-post-img-wrapp\"\n            href=\"https:\/\/orbisterrarum.es\/en\/actualizacion-de-las-especificaciones-tecnicas-para-estudios-geotecnicos-de-plantas-fotovoltaicas-2024-2\/\"\n            title=\"View Post:Actualizaci\u00f3n de las Especificaciones T\u00e9cnicas para Estudios Geot\u00e9cnicos de Plantas Fotovoltaicas 2024\">\n\n                            <div class=\"ui-e-post-img\" style=\"background-image:url(https:\/\/orbisterrarum.es\/wp-content\/uploads\/2025\/08\/Carto-red-650x443.jpg)\"><\/div>\n                    <\/a>\n                                                        <\/div>\n\n                        \n                        <div class=\"ui-e-post-content\">\n\n                                                                <a href=\"https:\/\/orbisterrarum.es\/en\/actualizacion-de-las-especificaciones-tecnicas-para-estudios-geotecnicos-de-plantas-fotovoltaicas-2024-2\/\" title=\"View Post:Actualizaci\u00f3n de las Especificaciones T\u00e9cnicas para Estudios Geot\u00e9cnicos de Plantas Fotovoltaicas 2024\">\n            <h4 class=\"ui-e-post-title\">\n                <span> Update of the Technical Specifications for Geotechnical Studies in Photovoltaic Plants 2024 <\/span>\n            <\/h4>\n        <\/a>\n                                <div class=\"ui-e-meta-wrapp\"><div class=\"ui-e-post-meta ui-e-after_title\"><div class=\"ui-e-meta-item\">13 de April de 2026<\/div><\/div><\/div>                            <div class=\"ui-e-post-text\">After investigating more than 620 solar plants in different countries around the world, completing over 50 GW studied, we are pleased to\u2026<\/div>                            <div class=\"ui-e-post-meta ui-e-bottom\"><\/div>                                    <a href=\"https:\/\/orbisterrarum.es\/en\/actualizacion-de-las-especificaciones-tecnicas-para-estudios-geotecnicos-de-plantas-fotovoltaicas-2024-2\/\" class=\"elementor-button-link elementor-button ui-e-readmore\" role=\"button\">\n            <span class=\"elementor-button-content-wrapper\"><span class=\"elementor-button-text\">Read more<\/span> <\/span>        <\/a>\n                                <\/div>\n                    <\/article>\n                <\/div>\n\n                \n                <div class=\"ui-e-post-item ui-e-item ui-e-animations-wrp\">\n                    <article class=\"post-2225 post type-post status-publish format-standard has-post-thumbnail hentry category-publicaciones\">\n                        <div class=\"ui-e-post-top\">\n                                    <a class=\"ui-e-post-img-wrapp\"\n            href=\"https:\/\/orbisterrarum.es\/en\/correlacion-empirica-de-la-velocidad-de-ondas-de-corte-vs-con-los-suelos-de-madrid\/\"\n            title=\"View Post:Correlaci\u00f3n emp\u00edrica de la velocidad de ondas de corte (Vs) con los suelos de Madrid.\">\n\n                            <div class=\"ui-e-post-img\" style=\"background-image:url(https:\/\/orbisterrarum.es\/wp-content\/uploads\/2025\/08\/publicacion_3-1.jpg)\"><\/div>\n                    <\/a>\n                                                        <\/div>\n\n                        \n                        <div class=\"ui-e-post-content\">\n\n                                                                <a href=\"https:\/\/orbisterrarum.es\/en\/correlacion-empirica-de-la-velocidad-de-ondas-de-corte-vs-con-los-suelos-de-madrid\/\" title=\"View Post:Correlaci\u00f3n emp\u00edrica de la velocidad de ondas de corte (Vs) con los suelos de Madrid.\">\n            <h4 class=\"ui-e-post-title\">\n                <span> Empirical Correlation of Shear-Wave Velocity (Vs) with Madrid Soils <\/span>\n            <\/h4>\n        <\/a>\n                                <div class=\"ui-e-meta-wrapp\"><div class=\"ui-e-post-meta ui-e-after_title\"><div class=\"ui-e-meta-item\">February 27, 2018<\/div><\/div><\/div>                            <div class=\"ui-e-post-text\">The Applied Geophysics Department at Orbis, in collaboration with the Complutense University of Madrid (UCM) and the Laboratory of\u2026<\/div>                            <div class=\"ui-e-post-meta ui-e-bottom\"><\/div>                                    <a href=\"https:\/\/orbisterrarum.es\/en\/correlacion-empirica-de-la-velocidad-de-ondas-de-corte-vs-con-los-suelos-de-madrid\/\" class=\"elementor-button-link elementor-button ui-e-readmore\" role=\"button\">\n            <span class=\"elementor-button-content-wrapper\"><span class=\"elementor-button-text\">Read more<\/span> <\/span>        <\/a>\n                                <\/div>\n                    <\/article>\n                <\/div>\n\n                            <\/div>\n\t\t\t\t<\/div>\n\t\t\t\t<\/div>\n\t\t\t\t\t<\/div>\n\t\t\t\t<\/div>\n\t\t\t\t<\/div>","protected":false},"excerpt":{"rendered":"<p>Publicaciones En Orbis Terrarum creemos en compartir conocimiento con base t\u00e9cnica y experiencia real. En esta secci\u00f3n encontrar\u00e1s art\u00edculos, casos de estudio [&hellip;]<\/p>","protected":false},"author":1,"featured_media":0,"parent":0,"menu_order":0,"comment_status":"closed","ping_status":"closed","template":"","meta":{"footnotes":""},"class_list":["post-1004","page","type-page","status-publish","hentry"],"_links":{"self":[{"href":"https:\/\/orbisterrarum.es\/en\/wp-json\/wp\/v2\/pages\/1004","targetHints":{"allow":["GET"]}}],"collection":[{"href":"https:\/\/orbisterrarum.es\/en\/wp-json\/wp\/v2\/pages"}],"about":[{"href":"https:\/\/orbisterrarum.es\/en\/wp-json\/wp\/v2\/types\/page"}],"author":[{"embeddable":true,"href":"https:\/\/orbisterrarum.es\/en\/wp-json\/wp\/v2\/users\/1"}],"replies":[{"embeddable":true,"href":"https:\/\/orbisterrarum.es\/en\/wp-json\/wp\/v2\/comments?post=1004"}],"version-history":[{"count":55,"href":"https:\/\/orbisterrarum.es\/en\/wp-json\/wp\/v2\/pages\/1004\/revisions"}],"predecessor-version":[{"id":2390,"href":"https:\/\/orbisterrarum.es\/en\/wp-json\/wp\/v2\/pages\/1004\/revisions\/2390"}],"wp:attachment":[{"href":"https:\/\/orbisterrarum.es\/en\/wp-json\/wp\/v2\/media?parent=1004"}],"curies":[{"name":"wp","href":"https:\/\/api.w.org\/{rel}","templated":true}]}}