{"id":1633,"date":"2025-06-19T18:05:28","date_gmt":"2025-06-19T16:05:28","guid":{"rendered":"https:\/\/orbisterrarum.es\/?page_id=1633"},"modified":"2025-10-03T14:54:20","modified_gmt":"2025-10-03T12:54:20","slug":"corrosion","status":"publish","type":"page","link":"https:\/\/orbisterrarum.es\/en\/corrosion\/","title":{"rendered":"Corrosion"},"content":{"rendered":"<div data-elementor-type=\"wp-page\" data-elementor-id=\"1633\" class=\"elementor elementor-1633\" data-elementor-settings=\"{&quot;element_pack_global_tooltip_width&quot;:{&quot;unit&quot;:&quot;px&quot;,&quot;size&quot;:&quot;&quot;,&quot;sizes&quot;:[]},&quot;element_pack_global_tooltip_width_tablet&quot;:{&quot;unit&quot;:&quot;px&quot;,&quot;size&quot;:&quot;&quot;,&quot;sizes&quot;:[]},&quot;element_pack_global_tooltip_width_mobile&quot;:{&quot;unit&quot;:&quot;px&quot;,&quot;size&quot;:&quot;&quot;,&quot;sizes&quot;:[]},&quot;element_pack_global_tooltip_padding&quot;:{&quot;unit&quot;:&quot;px&quot;,&quot;top&quot;:&quot;&quot;,&quot;right&quot;:&quot;&quot;,&quot;bottom&quot;:&quot;&quot;,&quot;left&quot;:&quot;&quot;,&quot;isLinked&quot;:true},&quot;element_pack_global_tooltip_padding_tablet&quot;:{&quot;unit&quot;:&quot;px&quot;,&quot;top&quot;:&quot;&quot;,&quot;right&quot;:&quot;&quot;,&quot;bottom&quot;:&quot;&quot;,&quot;left&quot;:&quot;&quot;,&quot;isLinked&quot;:true},&quot;element_pack_global_tooltip_padding_mobile&quot;:{&quot;unit&quot;:&quot;px&quot;,&quot;top&quot;:&quot;&quot;,&quot;right&quot;:&quot;&quot;,&quot;bottom&quot;:&quot;&quot;,&quot;left&quot;:&quot;&quot;,&quot;isLinked&quot;:true},&quot;element_pack_global_tooltip_border_radius&quot;:{&quot;unit&quot;:&quot;px&quot;,&quot;top&quot;:&quot;&quot;,&quot;right&quot;:&quot;&quot;,&quot;bottom&quot;:&quot;&quot;,&quot;left&quot;:&quot;&quot;,&quot;isLinked&quot;:true},&quot;element_pack_global_tooltip_border_radius_tablet&quot;:{&quot;unit&quot;:&quot;px&quot;,&quot;top&quot;:&quot;&quot;,&quot;right&quot;:&quot;&quot;,&quot;bottom&quot;:&quot;&quot;,&quot;left&quot;:&quot;&quot;,&quot;isLinked&quot;:true},&quot;element_pack_global_tooltip_border_radius_mobile&quot;:{&quot;unit&quot;:&quot;px&quot;,&quot;top&quot;:&quot;&quot;,&quot;right&quot;:&quot;&quot;,&quot;bottom&quot;:&quot;&quot;,&quot;left&quot;:&quot;&quot;,&quot;isLinked&quot;:true}}\">\n\t\t\t\t<div class=\"elementor-element elementor-element-ff10012 e-con-full e-flex e-con e-parent\" data-id=\"ff10012\" data-element_type=\"container\">\n\t\t<div class=\"elementor-element elementor-element-875110a e-con-full e-flex e-con e-child\" data-id=\"875110a\" data-element_type=\"container\" data-settings=\"{&quot;background_background&quot;:&quot;classic&quot;}\">\n\t\t\t\t<\/div>\n\t\t<div class=\"elementor-element elementor-element-d1cccf7 e-con-full e-flex e-con e-child\" data-id=\"d1cccf7\" data-element_type=\"container\" data-settings=\"{&quot;background_background&quot;:&quot;classic&quot;}\">\n\t\t\t\t<div class=\"elementor-element elementor-element-a732579 elementor-invisible elementor-widget elementor-widget-heading\" data-id=\"a732579\" data-element_type=\"widget\" data-settings=\"{&quot;_animation&quot;:&quot;fadeInUp&quot;,&quot;_animation_delay&quot;:&quot;450&quot;}\" data-widget_type=\"heading.default\">\n\t\t\t\t<div class=\"elementor-widget-container\">\n\t\t\t\t\t<h4 class=\"elementor-heading-title elementor-size-default\">Corrosion<\/h4>\t\t\t\t<\/div>\n\t\t\t\t<\/div>\n\t\t\t\t<div class=\"elementor-element elementor-element-d3c91e2 elementor-widget elementor-widget-text-editor\" data-id=\"d3c91e2\" data-element_type=\"widget\" data-widget_type=\"text-editor.default\">\n\t\t\t\t<div class=\"elementor-widget-container\">\n\t\t\t\t\t\t\t\t\t<p>Solutions for structures that must last.<\/p><p>Orbis Terrarum has a highly-specialist team in the assessment, prevention, and mitigation of corrosion in metallic structures, both buried and exposed to the atmosphere. <\/p>\t\t\t\t\t\t\t\t<\/div>\n\t\t\t\t<\/div>\n\t\t\t\t<\/div>\n\t\t\t\t<\/div>\n\t\t<div class=\"elementor-element elementor-element-c10fcb5 e-flex e-con-boxed e-con e-parent\" data-id=\"c10fcb5\" data-element_type=\"container\">\n\t\t\t\t\t<div class=\"e-con-inner\">\n\t\t\t\t<div class=\"elementor-element elementor-element-e19948f elementor-widget__width-initial elementor-widget-mobile__width-inherit elementor-widget elementor-widget-text-editor\" data-id=\"e19948f\" data-element_type=\"widget\" data-widget_type=\"text-editor.default\">\n\t\t\t\t<div class=\"elementor-widget-container\">\n\t\t\t\t\t\t\t\t\t<p>Our approach combines advanced laboratory testing, in-situ measurements, and predictive models to ensure the durability of critical installations in sectors such as energy, infrastructure, and industry.<\/p>\t\t\t\t\t\t\t\t<\/div>\n\t\t\t\t<\/div>\n\t\t\t\t\t<\/div>\n\t\t\t\t<\/div>\n\t\t<div class=\"elementor-element elementor-element-431db2d1 e-con-full e-flex e-con e-parent\" data-id=\"431db2d1\" data-element_type=\"container\" data-settings=\"{&quot;background_background&quot;:&quot;classic&quot;}\">\n\t\t<div class=\"elementor-element elementor-element-7b53d7cd e-flex e-con-boxed e-con e-child\" data-id=\"7b53d7cd\" data-element_type=\"container\">\n\t\t\t\t\t<div class=\"e-con-inner\">\n\t\t<div class=\"elementor-element elementor-element-3a716360 e-con-full e-flex e-con e-child\" data-id=\"3a716360\" data-element_type=\"container\">\n\t\t\t\t<div class=\"elementor-element elementor-element-5ad5d65a elementor-invisible elementor-widget elementor-widget-image\" data-id=\"5ad5d65a\" data-element_type=\"widget\" data-settings=\"{&quot;_animation_delay&quot;:&quot;300&quot;,&quot;_animation&quot;:&quot;fadeInLeft&quot;}\" data-widget_type=\"image.default\">\n\t\t\t\t<div class=\"elementor-widget-container\">\n\t\t\t\t\t\t\t\t\t\t\t\t\t\t\t<img fetchpriority=\"high\" decoding=\"async\" width=\"2560\" height=\"1920\" src=\"https:\/\/orbisterrarum.es\/wp-content\/uploads\/2025\/06\/Corrosion5-scaled.jpg\" class=\"attachment-full size-full wp-image-1635\" alt=\"\" srcset=\"https:\/\/orbisterrarum.es\/wp-content\/uploads\/2025\/06\/Corrosion5-scaled.jpg 2560w, https:\/\/orbisterrarum.es\/wp-content\/uploads\/2025\/06\/Corrosion5-300x225.jpg 300w, https:\/\/orbisterrarum.es\/wp-content\/uploads\/2025\/06\/Corrosion5-1024x768.jpg 1024w, https:\/\/orbisterrarum.es\/wp-content\/uploads\/2025\/06\/Corrosion5-768x576.jpg 768w, https:\/\/orbisterrarum.es\/wp-content\/uploads\/2025\/06\/Corrosion5-1536x1152.jpg 1536w, https:\/\/orbisterrarum.es\/wp-content\/uploads\/2025\/06\/Corrosion5-2048x1536.jpg 2048w, https:\/\/orbisterrarum.es\/wp-content\/uploads\/2025\/06\/Corrosion5-650x488.jpg 650w\" sizes=\"(max-width: 2560px) 100vw, 2560px\" \/>\t\t\t\t\t\t\t\t\t\t\t\t\t\t\t<\/div>\n\t\t\t\t<\/div>\n\t\t\t\t<div class=\"elementor-element elementor-element-40ce3c6 elementor-absolute elementor-hidden-mobile animated-fast elementor-invisible elementor-widget elementor-widget-button\" data-id=\"40ce3c6\" data-element_type=\"widget\" data-settings=\"{&quot;_position&quot;:&quot;absolute&quot;,&quot;_animation_delay&quot;:&quot;600&quot;,&quot;_animation&quot;:&quot;rotateIn&quot;}\" data-widget_type=\"button.default\">\n\t\t\t\t<div class=\"elementor-widget-container\">\n\t\t\t\t\t\t\t\t\t<div class=\"elementor-button-wrapper\">\n\t\t\t\t\t<a class=\"elementor-button elementor-size-sm\" role=\"button\">\n\t\t\t\t\t\t<span class=\"elementor-button-content-wrapper\">\n\t\t\t\t\t\t<span class=\"elementor-button-icon\">\n\t\t\t\t<i aria-hidden=\"true\" class=\"ti ti-arrow-top-right\"><\/i>\t\t\t<\/span>\n\t\t\t\t\t\t\t\t<\/span>\n\t\t\t\t\t<\/a>\n\t\t\t\t<\/div>\n\t\t\t\t\t\t\t\t<\/div>\n\t\t\t\t<\/div>\n\t\t\t\t<\/div>\n\t\t<div class=\"elementor-element elementor-element-26e4b411 e-con-full e-flex e-con e-child\" data-id=\"26e4b411\" data-element_type=\"container\">\n\t\t\t\t<div class=\"elementor-element elementor-element-785aa62d elementor-invisible elementor-widget elementor-widget-heading\" data-id=\"785aa62d\" data-element_type=\"widget\" data-settings=\"{&quot;_animation&quot;:&quot;fadeInUp&quot;}\" data-widget_type=\"heading.default\">\n\t\t\t\t<div class=\"elementor-widget-container\">\n\t\t\t\t\t<h3 class=\"elementor-heading-title elementor-size-default\">Corrosion in Buried Metallic Structures<\/h3>\t\t\t\t<\/div>\n\t\t\t\t<\/div>\n\t\t\t\t<div class=\"elementor-element elementor-element-3e512404 elementor-invisible elementor-widget elementor-widget-text-editor\" data-id=\"3e512404\" data-element_type=\"widget\" data-settings=\"{&quot;_animation&quot;:&quot;fadeInUp&quot;}\" data-widget_type=\"text-editor.default\">\n\t\t\t\t<div class=\"elementor-widget-container\">\n\t\t\t\t\t\t\t\t\t<p>We carry out comprehensive inspection and analysis campaigns, including:<\/p><ul><li>Technical inspection of buried metallic structures.<\/li><li>Specialized laboratory for corrosion testing in soil and water.<\/li><li>Measurement of metallic coating thickness (galvanization, ZAM, ZM, POSMAC).<\/li><li>Root cause analysis of corrosion.<\/li><li>Measurement of potentials and corrosion rates (\u00b5m\/year) in situ and in the laboratory.<\/li><\/ul>\t\t\t\t\t\t\t\t<\/div>\n\t\t\t\t<\/div>\n\t\t\t\t<\/div>\n\t\t\t\t\t<\/div>\n\t\t\t\t<\/div>\n\t\t<div class=\"elementor-element elementor-element-31885d61 e-flex e-con-boxed e-con e-child\" data-id=\"31885d61\" data-element_type=\"container\">\n\t\t\t\t\t<div class=\"e-con-inner\">\n\t\t<div class=\"elementor-element elementor-element-19c1cdb1 e-con-full e-flex e-con e-child\" data-id=\"19c1cdb1\" data-element_type=\"container\">\n\t\t\t\t<div class=\"elementor-element elementor-element-1ce8d7e5 elementor-absolute e-transform elementor-hidden-mobile animated-fast elementor-invisible elementor-widget elementor-widget-button\" data-id=\"1ce8d7e5\" data-element_type=\"widget\" data-settings=\"{&quot;_position&quot;:&quot;absolute&quot;,&quot;_transform_rotateZ_effect&quot;:{&quot;unit&quot;:&quot;px&quot;,&quot;size&quot;:-90,&quot;sizes&quot;:[]},&quot;_animation_delay&quot;:&quot;600&quot;,&quot;_animation&quot;:&quot;rotateIn&quot;,&quot;_transform_rotateZ_effect_tablet&quot;:{&quot;unit&quot;:&quot;deg&quot;,&quot;size&quot;:&quot;&quot;,&quot;sizes&quot;:[]},&quot;_transform_rotateZ_effect_mobile&quot;:{&quot;unit&quot;:&quot;deg&quot;,&quot;size&quot;:&quot;&quot;,&quot;sizes&quot;:[]}}\" data-widget_type=\"button.default\">\n\t\t\t\t<div class=\"elementor-widget-container\">\n\t\t\t\t\t\t\t\t\t<div class=\"elementor-button-wrapper\">\n\t\t\t\t\t<a class=\"elementor-button elementor-size-sm\" role=\"button\">\n\t\t\t\t\t\t<span class=\"elementor-button-content-wrapper\">\n\t\t\t\t\t\t<span class=\"elementor-button-icon\">\n\t\t\t\t<i aria-hidden=\"true\" class=\"ti ti-arrow-top-right\"><\/i>\t\t\t<\/span>\n\t\t\t\t\t\t\t\t<\/span>\n\t\t\t\t\t<\/a>\n\t\t\t\t<\/div>\n\t\t\t\t\t\t\t\t<\/div>\n\t\t\t\t<\/div>\n\t\t\t\t<div class=\"elementor-element elementor-element-7030c081 elementor-invisible elementor-widget elementor-widget-heading\" data-id=\"7030c081\" data-element_type=\"widget\" data-settings=\"{&quot;_animation&quot;:&quot;fadeInUp&quot;}\" data-widget_type=\"heading.default\">\n\t\t\t\t<div class=\"elementor-widget-container\">\n\t\t\t\t\t<h3 class=\"elementor-heading-title elementor-size-default\">Predictive and Preventive Approach<\/h3>\t\t\t\t<\/div>\n\t\t\t\t<\/div>\n\t\t\t\t<div class=\"elementor-element elementor-element-1059c427 elementor-invisible elementor-widget elementor-widget-text-editor\" data-id=\"1059c427\" data-element_type=\"widget\" data-settings=\"{&quot;_animation&quot;:&quot;fadeInUp&quot;}\" data-widget_type=\"text-editor.default\">\n\t\t\t\t<div class=\"elementor-widget-container\">\n\t\t\t\t\t\t\t\t\t<p>We provide a long-term perspective that optimizes designs and reduces risks:<\/p><ul><li>Corrosivity potential maps and corrosion rates for photovoltaic plants.<\/li><li>Identification of critical zones within the project.<\/li><li>Monitoring plans for 3, 5, and 10 years.<\/li><li>Material selection advisory: metals, metallic and organic coatings.<\/li><li>Analysis of the evolution and durability of metallic coatings over time.<\/li><li>Design of preventive and mitigating measures.<\/li><\/ul>\t\t\t\t\t\t\t\t<\/div>\n\t\t\t\t<\/div>\n\t\t\t\t<\/div>\n\t\t<div class=\"elementor-element elementor-element-70a72d10 e-con-full e-flex e-con e-child\" data-id=\"70a72d10\" data-element_type=\"container\">\n\t\t\t\t<div class=\"elementor-element elementor-element-6273825e elementor-invisible elementor-widget elementor-widget-image\" data-id=\"6273825e\" data-element_type=\"widget\" data-settings=\"{&quot;_animation_delay&quot;:&quot;300&quot;,&quot;_animation&quot;:&quot;fadeInRight&quot;}\" data-widget_type=\"image.default\">\n\t\t\t\t<div class=\"elementor-widget-container\">\n\t\t\t\t\t\t\t\t\t\t\t\t\t\t\t<img decoding=\"async\" width=\"1390\" height=\"853\" src=\"https:\/\/orbisterrarum.es\/wp-content\/uploads\/2025\/08\/inspeccion.jpg\" class=\"attachment-full size-full wp-image-2250\" alt=\"\" srcset=\"https:\/\/orbisterrarum.es\/wp-content\/uploads\/2025\/08\/inspeccion.jpg 1390w, https:\/\/orbisterrarum.es\/wp-content\/uploads\/2025\/08\/inspeccion-300x184.jpg 300w, https:\/\/orbisterrarum.es\/wp-content\/uploads\/2025\/08\/inspeccion-1024x628.jpg 1024w, https:\/\/orbisterrarum.es\/wp-content\/uploads\/2025\/08\/inspeccion-768x471.jpg 768w, https:\/\/orbisterrarum.es\/wp-content\/uploads\/2025\/08\/inspeccion-650x399.jpg 650w\" sizes=\"(max-width: 1390px) 100vw, 1390px\" \/>\t\t\t\t\t\t\t\t\t\t\t\t\t\t\t<\/div>\n\t\t\t\t<\/div>\n\t\t\t\t<\/div>\n\t\t\t\t\t<\/div>\n\t\t\t\t<\/div>\n\t\t<div class=\"elementor-element elementor-element-2a3f7451 e-flex e-con-boxed e-con e-child\" data-id=\"2a3f7451\" data-element_type=\"container\">\n\t\t\t\t\t<div class=\"e-con-inner\">\n\t\t<div class=\"elementor-element elementor-element-7fad41d1 e-con-full e-flex e-con e-child\" data-id=\"7fad41d1\" data-element_type=\"container\">\n\t\t\t\t<div class=\"elementor-element elementor-element-26f20646 elementor-invisible elementor-widget elementor-widget-image\" data-id=\"26f20646\" data-element_type=\"widget\" data-settings=\"{&quot;_animation_delay&quot;:&quot;300&quot;,&quot;_animation&quot;:&quot;fadeInLeft&quot;}\" data-widget_type=\"image.default\">\n\t\t\t\t<div class=\"elementor-widget-container\">\n\t\t\t\t\t\t\t\t\t\t\t\t\t\t\t<img decoding=\"async\" width=\"2560\" height=\"1920\" src=\"https:\/\/orbisterrarum.es\/wp-content\/uploads\/2025\/06\/IMG_20230306_132251-scaled.jpg\" class=\"attachment-full size-full wp-image-1637\" alt=\"\" srcset=\"https:\/\/orbisterrarum.es\/wp-content\/uploads\/2025\/06\/IMG_20230306_132251-scaled.jpg 2560w, https:\/\/orbisterrarum.es\/wp-content\/uploads\/2025\/06\/IMG_20230306_132251-300x225.jpg 300w, https:\/\/orbisterrarum.es\/wp-content\/uploads\/2025\/06\/IMG_20230306_132251-1024x768.jpg 1024w, https:\/\/orbisterrarum.es\/wp-content\/uploads\/2025\/06\/IMG_20230306_132251-768x576.jpg 768w, https:\/\/orbisterrarum.es\/wp-content\/uploads\/2025\/06\/IMG_20230306_132251-1536x1152.jpg 1536w, https:\/\/orbisterrarum.es\/wp-content\/uploads\/2025\/06\/IMG_20230306_132251-2048x1536.jpg 2048w, https:\/\/orbisterrarum.es\/wp-content\/uploads\/2025\/06\/IMG_20230306_132251-650x488.jpg 650w\" sizes=\"(max-width: 2560px) 100vw, 2560px\" \/>\t\t\t\t\t\t\t\t\t\t\t\t\t\t\t<\/div>\n\t\t\t\t<\/div>\n\t\t\t\t<div class=\"elementor-element elementor-element-55cfef77 elementor-absolute elementor-hidden-mobile animated-fast elementor-invisible elementor-widget elementor-widget-button\" data-id=\"55cfef77\" data-element_type=\"widget\" data-settings=\"{&quot;_position&quot;:&quot;absolute&quot;,&quot;_animation_delay&quot;:&quot;600&quot;,&quot;_animation&quot;:&quot;rotateIn&quot;}\" data-widget_type=\"button.default\">\n\t\t\t\t<div class=\"elementor-widget-container\">\n\t\t\t\t\t\t\t\t\t<div class=\"elementor-button-wrapper\">\n\t\t\t\t\t<a class=\"elementor-button elementor-size-sm\" role=\"button\">\n\t\t\t\t\t\t<span class=\"elementor-button-content-wrapper\">\n\t\t\t\t\t\t<span class=\"elementor-button-icon\">\n\t\t\t\t<i aria-hidden=\"true\" class=\"ti ti-arrow-top-right\"><\/i>\t\t\t<\/span>\n\t\t\t\t\t\t\t\t<\/span>\n\t\t\t\t\t<\/a>\n\t\t\t\t<\/div>\n\t\t\t\t\t\t\t\t<\/div>\n\t\t\t\t<\/div>\n\t\t\t\t<\/div>\n\t\t<div class=\"elementor-element elementor-element-12295cc7 e-con-full e-flex e-con e-child\" data-id=\"12295cc7\" data-element_type=\"container\">\n\t\t\t\t<div class=\"elementor-element elementor-element-4cb2dd93 elementor-invisible elementor-widget elementor-widget-heading\" data-id=\"4cb2dd93\" data-element_type=\"widget\" data-settings=\"{&quot;_animation&quot;:&quot;fadeInUp&quot;}\" data-widget_type=\"heading.default\">\n\t\t\t\t<div class=\"elementor-widget-container\">\n\t\t\t\t\t<h3 class=\"elementor-heading-title elementor-size-default\">Atmospheric Corrosion<\/h3>\t\t\t\t<\/div>\n\t\t\t\t<\/div>\n\t\t\t\t<div class=\"elementor-element elementor-element-6170222c elementor-invisible elementor-widget elementor-widget-text-editor\" data-id=\"6170222c\" data-element_type=\"widget\" data-settings=\"{&quot;_animation&quot;:&quot;fadeInUp&quot;}\" data-widget_type=\"text-editor.default\">\n\t\t\t\t<div class=\"elementor-widget-container\">\n\t\t\t\t\t\t\t\t\t<p>Specialized studies for structures exposed to the environment:<\/p><ul><li>Technical inspection of atmospheric corrosion in metallic structures.<\/li><li>Measurement of coating thickness.<\/li><li>In-situ tests with Wire on Bolt devices (ASTM G116-99).<\/li><li>Exposure tests using tables according to ISO-9223, ISO-9224, and ISO-9226.<\/li><li>Bibliographic studies and classification of corrosive environments (ISO 9223, 9224, 9226).<\/li><li>Accelerated tests in climate chambers for analysis under extreme conditions.<\/li><\/ul>\t\t\t\t\t\t\t\t<\/div>\n\t\t\t\t<\/div>\n\t\t\t\t<\/div>\n\t\t\t\t\t<\/div>\n\t\t\t\t<\/div>\n\t\t\t\t<\/div>\n\t\t<div class=\"elementor-element elementor-element-6bb2e32 e-flex e-con-boxed e-con e-parent\" data-id=\"6bb2e32\" data-element_type=\"container\">\n\t\t\t\t\t<div class=\"e-con-inner\">\n\t\t\t\t<div class=\"elementor-element elementor-element-8e48947 elementor-widget elementor-widget-heading\" data-id=\"8e48947\" data-element_type=\"widget\" data-widget_type=\"heading.default\">\n\t\t\t\t<div class=\"elementor-widget-container\">\n\t\t\t\t\t<h3 class=\"elementor-heading-title elementor-size-default\">Why Trust Us?<\/h3>\t\t\t\t<\/div>\n\t\t\t\t<\/div>\n\t\t\t\t<div class=\"elementor-element elementor-element-c2dbb24 elementor-widget__width-initial elementor-widget-mobile__width-inherit elementor-widget elementor-widget-text-editor\" data-id=\"c2dbb24\" data-element_type=\"widget\" data-widget_type=\"text-editor.default\">\n\t\t\t\t<div class=\"elementor-widget-container\">\n\t\t\t\t\t\t\t\t\t<p>Our multidisciplinary team integrates expertise in geotechnics, corrosion, materials, hydraulics, and structural design, allowing us to offer a complete, rigorous service adapted to the real environment of each project.<\/p><p>Our soil and material corrosion studies are carried out following international standards such as DIN-50929, ensuring reliable results thanks to our specialized laboratory.<\/p>\t\t\t\t\t\t\t\t<\/div>\n\t\t\t\t<\/div>\n\t\t<div class=\"elementor-element elementor-element-ab02f65 e-con-full e-flex e-con e-child\" data-id=\"ab02f65\" data-element_type=\"container\">\n\t\t\t\t<div class=\"elementor-element elementor-element-fa4b760 elementor-widget__width-initial elementor-widget-mobile__width-inherit elementor-widget elementor-widget-image\" data-id=\"fa4b760\" data-element_type=\"widget\" data-widget_type=\"image.default\">\n\t\t\t\t<div class=\"elementor-widget-container\">\n\t\t\t\t\t\t\t\t\t\t\t\t\t\t\t<img loading=\"lazy\" decoding=\"async\" width=\"768\" height=\"1024\" src=\"https:\/\/orbisterrarum.es\/wp-content\/uploads\/2025\/06\/Image.jpg\" class=\"attachment-large size-large wp-image-1639\" alt=\"\" srcset=\"https:\/\/orbisterrarum.es\/wp-content\/uploads\/2025\/06\/Image.jpg 768w, https:\/\/orbisterrarum.es\/wp-content\/uploads\/2025\/06\/Image-225x300.jpg 225w, https:\/\/orbisterrarum.es\/wp-content\/uploads\/2025\/06\/Image-488x650.jpg 488w\" sizes=\"(max-width: 768px) 100vw, 768px\" \/>\t\t\t\t\t\t\t\t\t\t\t\t\t\t\t<\/div>\n\t\t\t\t<\/div>\n\t\t\t\t<div class=\"elementor-element elementor-element-0261e6c elementor-widget__width-initial elementor-widget-mobile__width-inherit elementor-widget elementor-widget-image\" data-id=\"0261e6c\" data-element_type=\"widget\" data-widget_type=\"image.default\">\n\t\t\t\t<div class=\"elementor-widget-container\">\n\t\t\t\t\t\t\t\t\t\t\t\t\t\t\t<img loading=\"lazy\" decoding=\"async\" width=\"496\" height=\"661\" src=\"https:\/\/orbisterrarum.es\/wp-content\/uploads\/2025\/08\/perfil.png\" class=\"attachment-large size-large wp-image-2249\" alt=\"\" srcset=\"https:\/\/orbisterrarum.es\/wp-content\/uploads\/2025\/08\/perfil.png 496w, https:\/\/orbisterrarum.es\/wp-content\/uploads\/2025\/08\/perfil-225x300.png 225w, https:\/\/orbisterrarum.es\/wp-content\/uploads\/2025\/08\/perfil-488x650.png 488w\" sizes=\"(max-width: 496px) 100vw, 496px\" \/>\t\t\t\t\t\t\t\t\t\t\t\t\t\t\t<\/div>\n\t\t\t\t<\/div>\n\t\t\t\t<\/div>\n\t\t\t\t\t<\/div>\n\t\t\t\t<\/div>\n\t\t\t\t<\/div>","protected":false},"excerpt":{"rendered":"<p>Corrosi\u00f3n Dise\u00f1amos soluciones para estructuras que deben durar. En Orbis Terrarum somos especialistas en la evaluaci\u00f3n, prevenci\u00f3n y mitigaci\u00f3n de la corrosi\u00f3n [&hellip;]<\/p>","protected":false},"author":1,"featured_media":0,"parent":0,"menu_order":0,"comment_status":"closed","ping_status":"closed","template":"","meta":{"footnotes":""},"class_list":["post-1633","page","type-page","status-publish","hentry"],"_links":{"self":[{"href":"https:\/\/orbisterrarum.es\/en\/wp-json\/wp\/v2\/pages\/1633","targetHints":{"allow":["GET"]}}],"collection":[{"href":"https:\/\/orbisterrarum.es\/en\/wp-json\/wp\/v2\/pages"}],"about":[{"href":"https:\/\/orbisterrarum.es\/en\/wp-json\/wp\/v2\/types\/page"}],"author":[{"embeddable":true,"href":"https:\/\/orbisterrarum.es\/en\/wp-json\/wp\/v2\/users\/1"}],"replies":[{"embeddable":true,"href":"https:\/\/orbisterrarum.es\/en\/wp-json\/wp\/v2\/comments?post=1633"}],"version-history":[{"count":28,"href":"https:\/\/orbisterrarum.es\/en\/wp-json\/wp\/v2\/pages\/1633\/revisions"}],"predecessor-version":[{"id":2477,"href":"https:\/\/orbisterrarum.es\/en\/wp-json\/wp\/v2\/pages\/1633\/revisions\/2477"}],"wp:attachment":[{"href":"https:\/\/orbisterrarum.es\/en\/wp-json\/wp\/v2\/media?parent=1633"}],"curies":[{"name":"wp","href":"https:\/\/api.w.org\/{rel}","templated":true}]}}