{"id":2015,"date":"2025-06-27T09:58:03","date_gmt":"2025-06-27T07:58:03","guid":{"rendered":"https:\/\/orbisterrarum.es\/?page_id=2015"},"modified":"2025-06-27T10:05:55","modified_gmt":"2025-06-27T08:05:55","slug":"politica-de-privacidad","status":"publish","type":"page","link":"https:\/\/orbisterrarum.es\/en\/politica-de-privacidad\/","title":{"rendered":"Privacy policy"},"content":{"rendered":"<div data-elementor-type=\"wp-page\" data-elementor-id=\"2015\" class=\"elementor elementor-2015\" data-elementor-settings=\"{&quot;element_pack_global_tooltip_width&quot;:{&quot;unit&quot;:&quot;px&quot;,&quot;size&quot;:&quot;&quot;,&quot;sizes&quot;:[]},&quot;element_pack_global_tooltip_width_tablet&quot;:{&quot;unit&quot;:&quot;px&quot;,&quot;size&quot;:&quot;&quot;,&quot;sizes&quot;:[]},&quot;element_pack_global_tooltip_width_mobile&quot;:{&quot;unit&quot;:&quot;px&quot;,&quot;size&quot;:&quot;&quot;,&quot;sizes&quot;:[]},&quot;element_pack_global_tooltip_padding&quot;:{&quot;unit&quot;:&quot;px&quot;,&quot;top&quot;:&quot;&quot;,&quot;right&quot;:&quot;&quot;,&quot;bottom&quot;:&quot;&quot;,&quot;left&quot;:&quot;&quot;,&quot;isLinked&quot;:true},&quot;element_pack_global_tooltip_padding_tablet&quot;:{&quot;unit&quot;:&quot;px&quot;,&quot;top&quot;:&quot;&quot;,&quot;right&quot;:&quot;&quot;,&quot;bottom&quot;:&quot;&quot;,&quot;left&quot;:&quot;&quot;,&quot;isLinked&quot;:true},&quot;element_pack_global_tooltip_padding_mobile&quot;:{&quot;unit&quot;:&quot;px&quot;,&quot;top&quot;:&quot;&quot;,&quot;right&quot;:&quot;&quot;,&quot;bottom&quot;:&quot;&quot;,&quot;left&quot;:&quot;&quot;,&quot;isLinked&quot;:true},&quot;element_pack_global_tooltip_border_radius&quot;:{&quot;unit&quot;:&quot;px&quot;,&quot;top&quot;:&quot;&quot;,&quot;right&quot;:&quot;&quot;,&quot;bottom&quot;:&quot;&quot;,&quot;left&quot;:&quot;&quot;,&quot;isLinked&quot;:true},&quot;element_pack_global_tooltip_border_radius_tablet&quot;:{&quot;unit&quot;:&quot;px&quot;,&quot;top&quot;:&quot;&quot;,&quot;right&quot;:&quot;&quot;,&quot;bottom&quot;:&quot;&quot;,&quot;left&quot;:&quot;&quot;,&quot;isLinked&quot;:true},&quot;element_pack_global_tooltip_border_radius_mobile&quot;:{&quot;unit&quot;:&quot;px&quot;,&quot;top&quot;:&quot;&quot;,&quot;right&quot;:&quot;&quot;,&quot;bottom&quot;:&quot;&quot;,&quot;left&quot;:&quot;&quot;,&quot;isLinked&quot;:true}}\">\n\t\t\t\t<div class=\"elementor-element elementor-element-38eb9139 e-flex e-con-boxed e-con e-parent\" data-id=\"38eb9139\" data-element_type=\"container\">\n\t\t\t\t\t<div class=\"e-con-inner\">\n\t\t\t\t<div class=\"elementor-element elementor-element-65ee3938 elementor-widget elementor-widget-text-editor\" data-id=\"65ee3938\" data-element_type=\"widget\" data-widget_type=\"text-editor.default\">\n\t\t\t\t<div class=\"elementor-widget-container\">\n\t\t\t\t\t\t\t\t\t\n<h2 class=\"wp-block-heading\">Qui\u00e9nes somos<\/h2>\n\n\n\n<p>En Orbis nos preocupamos por prestar servicios de calidad, entre los cuales se encuentran nuestros trabajos de ingenier\u00eda, geotecnia y laboratorio. Adem\u00e1s, nos preocupa la privacidad de la informaci\u00f3n de nuestros clientes y que estos tengan siempre control sobre sus datos personales. Para ello, ponemos a su disposici\u00f3n esta Pol\u00edtica de Privacidad donde podr\u00e1 conocer qu\u00e9 datos y de qu\u00e9 forma los usamos.<\/p>\n\n\n\n<p>Todos los datos personales son obtenidos y tratados de acuerdo con las leyes de protecci\u00f3n de datos de Irlanda y de la UE.<\/p>\n\n\n\n<p>La direcci\u00f3n de nuestra web es: http:\/\/www.orbisterrarum.es.<\/p>\n\n\n\n<h2 class=\"wp-block-heading\">Responsable del tratamiento de los datos<\/h2>\n\n\n\n<p>El responsable del tratamiento de sus datos personales es \u00fanica y exclusivamente ORBIS TERRARUM PROJECTS, S.L.N.E., de modo que s\u00f3lo las personas pertenecientes a la organizaci\u00f3n, y con una previa autorizaci\u00f3n, tienen acceso a la informaci\u00f3n de nuestros clientes.<\/p>\n\n\n\n<h2 class=\"wp-block-heading\">Obtenci\u00f3n de datos<\/h2>\n\n\n\n<p>Por \u201cdatos personales\u201d entendemos todos aquellos que hagan referencia a una persona en particular, como su nombre, documento de identidad e informaci\u00f3n de contacto. Cabe aclarar que los datos de empresa no se consideran personales, pues est\u00e1n a disposici\u00f3n de un p\u00fablico general.<\/p>\n\n\n\n<p>Todos los datos personales se obtienen mediante contacto directo con las empresas que mantienen una relaci\u00f3n laboral con dichas personas.<\/p>\n\n\n\n<h2 class=\"wp-block-heading\">Uso de los datos personales<\/h2>\n\n\n\n<p>El \u00fanico objetivo de obtener estos datos es poder mantener contacto con las personas responsables de proyectos que vayamos a llevar a cabo, recoger informaci\u00f3n necesaria de trabajadores para entrar en obra, as\u00ed como la elaboraci\u00f3n de ofertas y presupuestos.<\/p>\n\n\n\n<p>Tambi\u00e9n podremos hacer uso de sus datos por alguno o algunos de los siguientes motivos:<\/p>\n\n\n\n<ul class=\"wp-block-list\">\n<li>Por razones de obligaci\u00f3n legal<\/li>\n\n\n\n<li>Por autorizaci\u00f3n previa del propietario de los datos.<\/li>\n\n\n\n<li>Por intereses vitales<\/li>\n<\/ul>\n\n\n\n<h3 class=\"wp-block-heading\">Comentarios<\/h3>\n\n\n\n<p>Cuando los visitantes dejan comentarios en la web, recopilamos los datos que se muestran en el formulario de comentarios, as\u00ed como la direcci\u00f3n IP del visitante y la cadena de agentes de usuario del navegador para ayudar a la detecci\u00f3n de spam.<\/p>\n\n\n\n<p>Una cadena an\u00f3nima creada a partir de tu direcci\u00f3n de correo electr\u00f3nico (tambi\u00e9n llamada hash) puede ser proporcionada al servicio de Gravatar para ver si la est\u00e1s usando. La pol\u00edtica de privacidad del servicio Gravatar est\u00e1 disponible aqu\u00ed: https:\/\/automattic.com\/privacy\/. Despu\u00e9s de la aprobaci\u00f3n de tu comentario, la imagen de tu perfil es visible para el p\u00fablico en el contexto de su comentario.<\/p>\n\n\n\n<h3 class=\"wp-block-heading\">Medios<\/h3>\n\n\n\n<p>Si subes im\u00e1genes a la web deber\u00edas evitar subir im\u00e1genes con datos de ubicaci\u00f3n (GPS EXIF) incluidos. Los visitantes de la web pueden descargar y extraer cualquier dato de localizaci\u00f3n de las im\u00e1genes de la web.<\/p>\n\n\n\n<h3 class=\"wp-block-heading\">Cookies<\/h3>\n\n\n\n<p>Si dejas un comentario en nuestro sitio puedes elegir guardar tu nombre, direcci\u00f3n de correo electr\u00f3nico y web en cookies. Esto es para tu comodidad, para que no tengas que volver a rellenar tus datos cuando dejes otro comentario. Estas cookies tendr\u00e1n una duraci\u00f3n de un a\u00f1o.<\/p>\n\n\n\n<p>Si tienes una cuenta y te conectas a este sitio, instalaremos una cookie temporal para determinar si tu navegador acepta cookies. Esta cookie no contiene datos personales y se elimina al cerrar el navegador.<\/p>\n\n\n\n<p>Cuando inicias sesi\u00f3n, tambi\u00e9n instalaremos varias cookies para guardar tu informaci\u00f3n de inicio de sesi\u00f3n y tus opciones de visualizaci\u00f3n de pantalla. Las cookies de inicio de sesi\u00f3n duran dos d\u00edas, y las cookies de opciones de pantalla duran un a\u00f1o. Si seleccionas \u201cRecordarme\u201d, tu inicio de sesi\u00f3n perdurar\u00e1 durante dos semanas. Si sales de tu cuenta, las cookies de inicio de sesi\u00f3n se eliminar\u00e1n.<\/p>\n\n\n\n<p>Si editas o publicas un art\u00edculo se guardar\u00e1 una cookie adicional en tu navegador. Esta cookie no incluye datos personales y simplemente indica el ID del art\u00edculo que acabas de editar. Caduca despu\u00e9s de 1 d\u00eda.<\/p>\n\n\n\n<h3 class=\"wp-block-heading\">Contenido incrustado de otros sitios web<\/h3>\n\n\n\n<p>Los art\u00edculos de este sitio pueden incluir contenido incrustado (por ejemplo, v\u00eddeos, im\u00e1genes, art\u00edculos, etc.). El contenido incrustado de otras web se comporta exactamente de la misma manera que si el visitante hubiera visitado la otra web.<\/p>\n\n\n\n<p>Estas web pueden recopilar datos sobre ti, utilizar cookies, incrustar un seguimiento adicional de terceros, y supervisar tu interacci\u00f3n con ese contenido incrustado, incluido el seguimiento de tu interacci\u00f3n con el contenido incrustado si tienes una cuenta y est\u00e1s conectado a esa web.<\/p>\n\n\n\n<h2 class=\"wp-block-heading\">Periodo de conservaci\u00f3n de los datos personales<\/h2>\n\n\n\n<p>Sus datos no permanecer\u00e1n en nuestros ficheros durante m\u00e1s tiempo del estrictamente necesario para cumplir los fines por los que se est\u00e1n tratando.<\/p>\n\n\n\n<p>Adem\u00e1s, debemos tener en cuenta el tiempo que sea necesario retener dichos datos para el cumplimiento de nuestras obligaciones legales o para resolver quejas o consultas y proteger nuestros derechos legales en caso de que surja alguna reclamaci\u00f3n.<\/p>\n\n\n\n<h3 class=\"wp-block-heading\">Comentarios<\/h3>\n\n\n\n<p>Si dejas un comentario, el comentario y sus metadatos se conservan indefinidamente. Esto es para que podamos reconocer y aprobar comentarios sucesivos autom\u00e1ticamente en lugar de mantenerlos en una cola de moderaci\u00f3n.<\/p>\n\n\n\n<p>De los usuarios que se registran en nuestra web (si los hay), tambi\u00e9n almacenamos la informaci\u00f3n personal que proporcionan en su perfil de usuario. Todos los usuarios pueden ver, editar o eliminar su informaci\u00f3n personal en cualquier momento (excepto que no pueden cambiar su nombre de usuario). Los administradores de la web tambi\u00e9n pueden ver y editar esa informaci\u00f3n.<\/p>\n\n\n\n<h2 class=\"wp-block-heading\">Seguridad de los datos personales<\/h2>\n\n\n\n<p>Como hemos dicho en un principio, s\u00f3lo las personas pertenecientes a ORBIS tendr\u00e1n acceso a la informaci\u00f3n de car\u00e1cter personal. Para ello, cada miembro de la organizaci\u00f3n posee un usuario y contrase\u00f1a sin los cuales ser\u00e1 imposible acceder a los ficheros de la empresa.<\/p>\n\n\n\n<h2 class=\"wp-block-heading\">Qu\u00e9 derechos tienes sobre tus datos<\/h2>\n\n\n\n<p>De acuerdo con la Ley de Protecci\u00f3n de Datos, se dispone de una serie de derechos para que puedan controlar en todo momento c\u00f3mo utilizamos sus Datos&nbsp;Personales. Estos derechos son los siguientes:<\/p>\n\n\n\n<ol class=\"wp-block-list\">\n<li>Derecho de acceso: Esto permite que el ciudadano pueda controlar directamente el uso que se est\u00e1 haciendo de sus datos, as\u00ed como obtener informaci\u00f3n sobre si estos est\u00e1n siendo tratados y con qu\u00e9 fines.<\/li>\n<\/ol>\n\n\n\n<ol start=\"2\" class=\"wp-block-list\">\n<li>Derecho de rectificaci\u00f3n: Se tiene derecho, adem\u00e1s, a rectificar y\/o completar Datos Personales, incluso mediante una declaraci\u00f3n adicional.<\/li>\n<\/ol>\n\n\n\n<ol start=\"3\" class=\"wp-block-list\">\n<li>Derecho al olvido: Cada persona tiene derecho a solicitar que sus Datos Personales sean suprimidos de nuestros ficheros cuando estos ya no sean necesarios para los fines descritos anteriormente, cuando se haya revocado el consentimiento o cuando hayan sido obtenidos ilegalmente.<\/li>\n<\/ol>\n\n\n\n<ol start=\"4\" class=\"wp-block-list\">\n<li>Derecho a la limitaci\u00f3n del tratamiento: el interesado tiene el derecho a exigir la limitaci\u00f3n del tratamiento de sus datos cuando se cumpla alguna de las siguientes condiciones:<\/li>\n<\/ol>\n\n\n\n<ul class=\"wp-block-list\">\n<li>Inexactitud de datos. El interesado puede impugnar la exactitud de los datos personales mientras que se verifique la exactitud de los mismos.<\/li>\n\n\n\n<li>Tratamiento il\u00edcito. Ante esto, el interesado puede oponerse a la supresi\u00f3n de los datos personales y solicitar en su lugar la limitaci\u00f3n de su uso.<\/li>\n\n\n\n<li>Defensa de reclamaciones: Esto surge cuando el responsable del tratamiento de datos ya no los necesita para los fines que originaron su tratamiento pero es el propio interesado quien necesita la limitaci\u00f3n de su tratamiento para ejercer reclamaciones.<\/li>\n\n\n\n<li>El interesado ha ejercitado su derecho de oposici\u00f3n al tratamiento de sus datos y, mientras se verifica si los motivos leg\u00edtimos del responsable prevalecen sobre los del interesado, este solicita la limitaci\u00f3n del tratamiento de sus datos como medida provisional.<\/li>\n<\/ul>\n\n\n\n<ol start=\"5\" class=\"wp-block-list\">\n<li>Derecho a la portabilidad: Este derecho permite que los usuarios puedan solicitar que se les remita los datos que nos han proporcionado en un formato estructurado y de uso com\u00fan. Adem\u00e1s, con este derecho podr\u00e1n solicitar que se transmitan estos datos directamente a otra entidad, siempre que ello sea t\u00e9cnicamente posible.<\/li>\n<\/ol>\n\n\n\n<ol start=\"6\" class=\"wp-block-list\">\n<li>Derecho de oposici\u00f3n: Mediante este derecho, el ciudadano puede oponerse al tratamiento de sus datos personales cuando:<\/li>\n<\/ol>\n\n\n\n<ul class=\"wp-block-list\">\n<li>Por motivos personales debe cesar el tratamiento de sus datos, salvo que sea estrictamente necesario no hacerlo por intereses leg\u00edtimos o defensa de reclamaciones.<\/li>\n\n\n\n<li>El tratamiento tenga como fin la mercadotecnia directa.<\/li>\n<\/ul>\n\n\n\n<ol start=\"7\" class=\"wp-block-list\">\n<li>Derecho a no ser objeto de decisiones individualizadas: Todos los interesados tienen derecho a no ser objeto de una decisi\u00f3n basada \u00fanicamente en el tratamiento automatizado, incluida la elaboraci\u00f3n de perfiles, que produzca efectos jur\u00eddicos o les afecte.<\/li>\n<\/ol>\n\n\n\n<p>Existen excepciones a lo anterior cuando ocurre alguno de los siguientes supuestos:<\/p>\n\n\n\n<ul class=\"wp-block-list\">\n<li>Cuando sea necesario para la elaboraci\u00f3n o ejecuci\u00f3n de un contrato.<\/li>\n\n\n\n<li>Cuando est\u00e9 permitido por el Derecho de la Uni\u00f3n Europea o de los Estados miembros, tomando las medidas adecuadas para salvaguardar los derechos y libertades del titular de los datos.<\/li>\n\n\n\n<li>Cuando existe un consentimiento expl\u00edcito por parte del interesado.<\/li>\n<\/ul>\n\n\n\n<p>Si tienes una cuenta o has dejado comentarios en esta web, puedes solicitar recibir un archivo de exportaci\u00f3n de los datos personales que tenemos sobre ti, incluyendo cualquier dato que nos hayas proporcionado. Tambi\u00e9n puedes solicitar que eliminemos cualquier dato personal que tengamos sobre ti. Esto no incluye ning\u00fan dato que estemos obligados a conservar con fines administrativos, legales o de seguridad.<\/p>\n\n\n\n<h2 class=\"wp-block-heading\">D\u00f3nde enviamos tus datos<\/h2>\n\n\n\n<p>Los comentarios de los visitantes pueden ser revisados un servicio de detecci\u00f3n autom\u00e1tica de spam.<\/p>\n\t\t\t\t\t\t\t\t<\/div>\n\t\t\t\t<\/div>\n\t\t\t\t\t<\/div>\n\t\t\t\t<\/div>\n\t\t\t\t<\/div>","protected":false},"excerpt":{"rendered":"<p>Qui\u00e9nes somos En Orbis nos preocupamos por prestar servicios de calidad, entre los cuales se encuentran nuestros trabajos de ingenier\u00eda, geotecnia y [&hellip;]<\/p>","protected":false},"author":1,"featured_media":0,"parent":0,"menu_order":0,"comment_status":"closed","ping_status":"closed","template":"","meta":{"footnotes":""},"class_list":["post-2015","page","type-page","status-publish","hentry"],"_links":{"self":[{"href":"https:\/\/orbisterrarum.es\/en\/wp-json\/wp\/v2\/pages\/2015","targetHints":{"allow":["GET"]}}],"collection":[{"href":"https:\/\/orbisterrarum.es\/en\/wp-json\/wp\/v2\/pages"}],"about":[{"href":"https:\/\/orbisterrarum.es\/en\/wp-json\/wp\/v2\/types\/page"}],"author":[{"embeddable":true,"href":"https:\/\/orbisterrarum.es\/en\/wp-json\/wp\/v2\/users\/1"}],"replies":[{"embeddable":true,"href":"https:\/\/orbisterrarum.es\/en\/wp-json\/wp\/v2\/comments?post=2015"}],"version-history":[{"count":4,"href":"https:\/\/orbisterrarum.es\/en\/wp-json\/wp\/v2\/pages\/2015\/revisions"}],"predecessor-version":[{"id":2030,"href":"https:\/\/orbisterrarum.es\/en\/wp-json\/wp\/v2\/pages\/2015\/revisions\/2030"}],"wp:attachment":[{"href":"https:\/\/orbisterrarum.es\/en\/wp-json\/wp\/v2\/media?parent=2015"}],"curies":[{"name":"wp","href":"https:\/\/api.w.org\/{rel}","templated":true}]}}