{"id":2020,"date":"2025-06-27T10:01:34","date_gmt":"2025-06-27T08:01:34","guid":{"rendered":"https:\/\/orbisterrarum.es\/?page_id=2020"},"modified":"2025-06-27T10:05:21","modified_gmt":"2025-06-27T08:05:21","slug":"politica-de-cookies","status":"publish","type":"page","link":"https:\/\/orbisterrarum.es\/en\/politica-de-cookies\/","title":{"rendered":"Pol\u00edtica de Cookies"},"content":{"rendered":"<div data-elementor-type=\"wp-page\" data-elementor-id=\"2020\" class=\"elementor elementor-2020\" data-elementor-settings=\"{&quot;element_pack_global_tooltip_width&quot;:{&quot;unit&quot;:&quot;px&quot;,&quot;size&quot;:&quot;&quot;,&quot;sizes&quot;:[]},&quot;element_pack_global_tooltip_width_tablet&quot;:{&quot;unit&quot;:&quot;px&quot;,&quot;size&quot;:&quot;&quot;,&quot;sizes&quot;:[]},&quot;element_pack_global_tooltip_width_mobile&quot;:{&quot;unit&quot;:&quot;px&quot;,&quot;size&quot;:&quot;&quot;,&quot;sizes&quot;:[]},&quot;element_pack_global_tooltip_padding&quot;:{&quot;unit&quot;:&quot;px&quot;,&quot;top&quot;:&quot;&quot;,&quot;right&quot;:&quot;&quot;,&quot;bottom&quot;:&quot;&quot;,&quot;left&quot;:&quot;&quot;,&quot;isLinked&quot;:true},&quot;element_pack_global_tooltip_padding_tablet&quot;:{&quot;unit&quot;:&quot;px&quot;,&quot;top&quot;:&quot;&quot;,&quot;right&quot;:&quot;&quot;,&quot;bottom&quot;:&quot;&quot;,&quot;left&quot;:&quot;&quot;,&quot;isLinked&quot;:true},&quot;element_pack_global_tooltip_padding_mobile&quot;:{&quot;unit&quot;:&quot;px&quot;,&quot;top&quot;:&quot;&quot;,&quot;right&quot;:&quot;&quot;,&quot;bottom&quot;:&quot;&quot;,&quot;left&quot;:&quot;&quot;,&quot;isLinked&quot;:true},&quot;element_pack_global_tooltip_border_radius&quot;:{&quot;unit&quot;:&quot;px&quot;,&quot;top&quot;:&quot;&quot;,&quot;right&quot;:&quot;&quot;,&quot;bottom&quot;:&quot;&quot;,&quot;left&quot;:&quot;&quot;,&quot;isLinked&quot;:true},&quot;element_pack_global_tooltip_border_radius_tablet&quot;:{&quot;unit&quot;:&quot;px&quot;,&quot;top&quot;:&quot;&quot;,&quot;right&quot;:&quot;&quot;,&quot;bottom&quot;:&quot;&quot;,&quot;left&quot;:&quot;&quot;,&quot;isLinked&quot;:true},&quot;element_pack_global_tooltip_border_radius_mobile&quot;:{&quot;unit&quot;:&quot;px&quot;,&quot;top&quot;:&quot;&quot;,&quot;right&quot;:&quot;&quot;,&quot;bottom&quot;:&quot;&quot;,&quot;left&quot;:&quot;&quot;,&quot;isLinked&quot;:true}}\">\n\t\t\t\t<div class=\"elementor-element elementor-element-40729eaf e-flex e-con-boxed e-con e-parent\" data-id=\"40729eaf\" data-element_type=\"container\">\n\t\t\t\t\t<div class=\"e-con-inner\">\n\t\t\t\t<div class=\"elementor-element elementor-element-46d09089 elementor-widget elementor-widget-text-editor\" data-id=\"46d09089\" data-element_type=\"widget\" data-widget_type=\"text-editor.default\">\n\t\t\t\t<div class=\"elementor-widget-container\">\n\t\t\t\t\t\t\t\t\t\n<p><strong>\u00daltima actualizaci\u00f3n:<\/strong> 27 de junio de 2025<\/p>\n\n\n\n<p>En <strong><a class=\"\" href=\"https:\/\/orbisterrarum.es\/en\/\">https:\/\/orbisterrarum.es<\/a><\/strong> utilizamos cookies propias y de terceros para mejorar la experiencia de navegaci\u00f3n, analizar el tr\u00e1fico del sitio y ofrecer contenido personalizado. Al continuar navegando por nuestro sitio web, aceptas el uso de cookies conforme a esta pol\u00edtica.<\/p>\n\n\n\n<h3 class=\"wp-block-heading\">\u00bfQu\u00e9 son las cookies?<\/h3>\n\n\n\n<p>Las cookies son peque\u00f1os archivos de texto que se almacenan en tu dispositivo (ordenador, tablet o smartphone) cuando visitas un sitio web. Permiten que la p\u00e1gina recuerde tus acciones y preferencias (como el idioma, la fuente o el tama\u00f1o de letra) durante un per\u00edodo de tiempo.<\/p>\n\n\n\n<h3 class=\"wp-block-heading\">Tipos de cookies que utilizamos<\/h3>\n\n\n\n<ol class=\"wp-block-list\">\n<li><strong>Cookies estrictamente necesarias<\/strong><br>Estas cookies son fundamentales para que el sitio funcione correctamente. Sin ellas, algunas partes del sitio no estar\u00edan disponibles.<\/li>\n\n\n\n<li><strong>Cookies de funcionalidad o preferencias<\/strong><br>Permiten recordar tus elecciones (como idioma, regi\u00f3n o configuraci\u00f3n de pantalla) para ofrecer una experiencia m\u00e1s personalizada.<\/li>\n\n\n\n<li><strong>Cookies de an\u00e1lisis o rendimiento<\/strong><br>Nos ayudan a entender c\u00f3mo interact\u00faan los usuarios con nuestro sitio web, permiti\u00e9ndonos mejorar continuamente su funcionamiento. Podemos utilizar herramientas como Google Analytics.<\/li>\n\n\n\n<li><strong>Cookies de publicidad y marketing<\/strong><br>Se utilizan para mostrar anuncios relevantes y personalizados en funci\u00f3n de tus h\u00e1bitos de navegaci\u00f3n. Tambi\u00e9n limitan la cantidad de veces que ves un anuncio.<\/li>\n<\/ol>\n\n\n\n<h3 class=\"wp-block-heading\">Gesti\u00f3n y desactivaci\u00f3n de cookies<\/h3>\n\n\n\n<p>Puedes permitir, bloquear o eliminar las cookies instaladas en tu equipo mediante la configuraci\u00f3n de las opciones de tu navegador. Ten en cuenta que si desactivas algunas cookies, ciertos servicios del sitio web podr\u00edan no estar disponibles o no funcionar correctamente.<\/p>\n\n\n\n<p>Instrucciones para configurar cookies en los navegadores m\u00e1s comunes:<\/p>\n\n\n\n<ul class=\"wp-block-list\">\n<li><a>Google Chrome<\/a><\/li>\n\n\n\n<li><a class=\"\" href=\"https:\/\/support.mozilla.org\/es\/kb\/habilitar-y-deshabilitar-cookies-sitios-web\">Mozilla Firefox<\/a><\/li>\n\n\n\n<li><a class=\"\" href=\"https:\/\/support.apple.com\/es-es\/guide\/safari\/sfri11471\/mac\">Safari<\/a><\/li>\n\n\n\n<li><a class=\"\" href=\"https:\/\/support.microsoft.com\/es-es\/microsoft-edge\">Microsoft Edge<\/a><\/li>\n<\/ul>\n\n\n\n<h3 class=\"wp-block-heading\">Cambios en la pol\u00edtica de cookies<\/h3>\n\n\n\n<p>Nos reservamos el derecho a modificar esta pol\u00edtica para adaptarla a futuras novedades legislativas o cambios en nuestras pr\u00e1cticas. Te recomendamos revisar esta pol\u00edtica peri\u00f3dicamente.<\/p>\n\n\n\n<h3 class=\"wp-block-heading\">Contact<\/h3>\n\n\n\n<p>Si tienes alguna duda sobre nuestra pol\u00edtica de cookies, puedes contactarnos a trav\u00e9s de:<\/p>\n\n\n\n<p><strong>Email:<\/strong> <a>info@orbisterrarum.es<\/a><br><strong>Tel\u00e9fono:<\/strong> +34 916 708 762<br><strong>Direcci\u00f3n:<\/strong> Calle Albasanz, 79, 28037, Madrid, Espa\u00f1a<\/p>\n\t\t\t\t\t\t\t\t<\/div>\n\t\t\t\t<\/div>\n\t\t\t\t\t<\/div>\n\t\t\t\t<\/div>\n\t\t\t\t<\/div>","protected":false},"excerpt":{"rendered":"<p>\u00daltima actualizaci\u00f3n: 27 de junio de 2025 En https:\/\/orbisterrarum.es utilizamos cookies propias y de terceros para mejorar la experiencia de navegaci\u00f3n, analizar [&hellip;]<\/p>","protected":false},"author":1,"featured_media":0,"parent":0,"menu_order":0,"comment_status":"closed","ping_status":"closed","template":"","meta":{"footnotes":""},"class_list":["post-2020","page","type-page","status-publish","hentry"],"_links":{"self":[{"href":"https:\/\/orbisterrarum.es\/en\/wp-json\/wp\/v2\/pages\/2020","targetHints":{"allow":["GET"]}}],"collection":[{"href":"https:\/\/orbisterrarum.es\/en\/wp-json\/wp\/v2\/pages"}],"about":[{"href":"https:\/\/orbisterrarum.es\/en\/wp-json\/wp\/v2\/types\/page"}],"author":[{"embeddable":true,"href":"https:\/\/orbisterrarum.es\/en\/wp-json\/wp\/v2\/users\/1"}],"replies":[{"embeddable":true,"href":"https:\/\/orbisterrarum.es\/en\/wp-json\/wp\/v2\/comments?post=2020"}],"version-history":[{"count":4,"href":"https:\/\/orbisterrarum.es\/en\/wp-json\/wp\/v2\/pages\/2020\/revisions"}],"predecessor-version":[{"id":2027,"href":"https:\/\/orbisterrarum.es\/en\/wp-json\/wp\/v2\/pages\/2020\/revisions\/2027"}],"wp:attachment":[{"href":"https:\/\/orbisterrarum.es\/en\/wp-json\/wp\/v2\/media?parent=2020"}],"curies":[{"name":"wp","href":"https:\/\/api.w.org\/{rel}","templated":true}]}}